{"id":65,"date":"2016-07-04T19:37:57","date_gmt":"2016-07-04T19:37:57","guid":{"rendered":"http:\/\/www.orlcurico.cl\/?page_id=65"},"modified":"2017-02-15T02:29:38","modified_gmt":"2017-02-15T02:29:38","slug":"examenes","status":"publish","type":"page","link":"http:\/\/www.orlcurico.cl\/?page_id=65","title":{"rendered":"Ex\u00e1menes"},"content":{"rendered":"<a class=\"omsc-button omsc-no-custom-hover omsc-size-medium omsc-style-emboss omsc-text-bright\" href=\"http:\/\/www.orlcurico.cl\/reserva-tu-hora\/\" style=\"color:#ffffff\">Reserva tu hora<\/a>\n<div class=\"omsc-accordion\"><\/p>\n<p><div class=\"omsc-toggle omsc-expanded\"><div class=\"omsc-toggle-title\">Nasofibroscopia <\/div><div class=\"omsc-toggle-inner\" style=\"display:block\"><br \/>\n<span style=\"color: #ff0000;\">(c\u00f3digo 1301003)<\/span><br \/>\nConsiste en un examen endosc\u00f3pico que permite evaluar la via a\u00e9rea hasta la traquea con una \u00f3ptica flexible que se introduce por la nariz. Necesita para su realizaci\u00f3n 1 hora de ayuno y no es necesario que venga acompa\u00f1ado<\/p>\n<p><\/div><\/div><\/p>\n<p><div class=\"omsc-toggle\"><div class=\"omsc-toggle-title\">Audiometr\u00eda ni\u00f1os <\/div><div class=\"omsc-toggle-inner\"><br \/>\n<span style=\"color: #ff0000;\">(c\u00f3digo 1301021)<\/span><br \/>\n<\/div><\/div><\/p>\n<p><div class=\"omsc-toggle\"><div class=\"omsc-toggle-title\">Audiometr\u00eda adultos <\/div><div class=\"omsc-toggle-inner\"><br \/>\n<span style=\"color: #ff0000;\">(c\u00f3digo 1301021)<\/span><br \/>\n<\/div><\/div><\/p>\n<p><div class=\"omsc-toggle\"><div class=\"omsc-toggle-title\">Impedanciometr\u00eda<\/div><div class=\"omsc-toggle-inner\"><br \/>\n<span style=\"color: #ff0000;\">(c\u00f3digo 1301009)<\/span><br \/>\nEs un examen corto y poco invasivo que eval\u00faa la ventilaci\u00f3n del o\u00eddo medio y\/o la presencia de liquido en este.<br \/>\n<\/div><\/div><\/p>\n<p><div class=\"omsc-toggle\"><div class=\"omsc-toggle-title\">Examen de VIII\u00ba par<\/div><div class=\"omsc-toggle-inner\"><br \/>\n<span style=\"color: #ff0000;\">(c\u00f3digo 1301020)<\/span><br \/>\nConsiste en un examen que evalua por un lado la audici\u00f3n y por otra parte la funci\u00f3n del sistema vestibular (equilibrio y v\u00e9rtigo), se estimula el o\u00eddo con agua o aire a diferentes temperaturas y seg\u00fan la respuesta se evalua la funci\u00f3n del nervio vestibular.Es necesario que venga acompa\u00f1ado ya que el paciente puede sentirse mareado despu\u00e9s del\u00a0examen, 6 horas de ayuno previo (excepto en pacientes diab\u00e9ticos), suspender medicamentos\u00a0antivertiginosos y tranquilizantes 48 hr antes del examen, no usar lentes de contacto y\u00a0previamente hay que evaluar la presencia de tapones de cerumen en el o\u00eddo que impiden la\u00a0realizaci\u00f3n del mismo.<br \/>\n<\/div><\/div><\/p>\n<p><div class=\"omsc-toggle\"><div class=\"omsc-toggle-title\">Estudio de degluci\u00f3n con nasofibroscopia <\/div><div class=\"omsc-toggle-inner\"><br \/>\n<span style=\"color: #ff0000;\">(c\u00f3digo 1301003)<\/span><br \/>\nEs un examen en el que se eval\u00faa bajo visi\u00f3n endosc\u00f3pica la capacidad de deglutir apropiadamente diferentes tipos de alimentos. Es necesario que el paciente tenga 2 hr de ayuno previo y que traiga un jugo, un yogurt y galletas blandas tipo oblea para la realizaci\u00f3n del examen.<br \/>\n<\/div><\/div><\/p>\n<p><\/div>\n","protected":false},"excerpt":{"rendered":"","protected":false},"author":1,"featured_media":0,"parent":0,"menu_order":0,"comment_status":"closed","ping_status":"closed","template":"","meta":[],"_links":{"self":[{"href":"http:\/\/www.orlcurico.cl\/index.php?rest_route=\/wp\/v2\/pages\/65"}],"collection":[{"href":"http:\/\/www.orlcurico.cl\/index.php?rest_route=\/wp\/v2\/pages"}],"about":[{"href":"http:\/\/www.orlcurico.cl\/index.php?rest_route=\/wp\/v2\/types\/page"}],"author":[{"embeddable":true,"href":"http:\/\/www.orlcurico.cl\/index.php?rest_route=\/wp\/v2\/users\/1"}],"replies":[{"embeddable":true,"href":"http:\/\/www.orlcurico.cl\/index.php?rest_route=%2Fwp%2Fv2%2Fcomments&post=65"}],"version-history":[{"count":5,"href":"http:\/\/www.orlcurico.cl\/index.php?rest_route=\/wp\/v2\/pages\/65\/revisions"}],"predecessor-version":[{"id":102,"href":"http:\/\/www.orlcurico.cl\/index.php?rest_route=\/wp\/v2\/pages\/65\/revisions\/102"}],"wp:attachment":[{"href":"http:\/\/www.orlcurico.cl\/index.php?rest_route=%2Fwp%2Fv2%2Fmedia&parent=65"}],"curies":[{"name":"wp","href":"https:\/\/api.w.org\/{rel}","templated":true}]}}