{"id":9,"date":"2016-03-31T23:43:20","date_gmt":"2016-03-31T23:43:20","guid":{"rendered":"http:\/\/www.orlcurico.cl\/?page_id=9"},"modified":"2016-07-04T19:20:42","modified_gmt":"2016-07-04T19:20:42","slug":"quienes-somos","status":"publish","type":"page","link":"http:\/\/www.orlcurico.cl\/?page_id=9","title":{"rendered":"Qui\u00e9nes s\u00f3mos"},"content":{"rendered":"<p><a href=\"http:\/\/www.orlcurico.cl\/wp-content\/uploads\/2016\/03\/imagesYVKA41X8.jpg\"><img loading=\"lazy\" class=\"size-full wp-image-50 alignleft\" src=\"http:\/\/www.orlcurico.cl\/wp-content\/uploads\/2016\/03\/imagesYVKA41X8.jpg\" alt=\"imagesYVKA41X8\" width=\"225\" height=\"225\" srcset=\"http:\/\/www.orlcurico.cl\/wp-content\/uploads\/2016\/03\/imagesYVKA41X8.jpg 225w, http:\/\/www.orlcurico.cl\/wp-content\/uploads\/2016\/03\/imagesYVKA41X8-150x150.jpg 150w\" sizes=\"(max-width: 225px) 100vw, 225px\" \/><\/a>Somos el principal centro otorrinolaringol\u00f3gico de Curico , contamos con atenci\u00f3n profesional de amplia experiencia medico y quir\u00fargica en las diversas patolog\u00edas de la especialidad y adem\u00e1s tenemos ex\u00e1menes de apoyo como audiometr\u00edas , impedanciometr\u00edas , funci\u00f3n tubaria, VIII par y \u00a0pruebas de aud\u00edfonos con equipamientos de punta.<\/p>\n<p><strong>\u00a0<\/strong><\/p>\n","protected":false},"excerpt":{"rendered":"<p>Somos el principal centro otorrinolaringol\u00f3gico de Curico , contamos con atenci\u00f3n profesional de amplia experiencia medico y quir\u00fargica en las&#8230;<\/p>\n","protected":false},"author":1,"featured_media":0,"parent":0,"menu_order":0,"comment_status":"closed","ping_status":"closed","template":"","meta":[],"_links":{"self":[{"href":"http:\/\/www.orlcurico.cl\/index.php?rest_route=\/wp\/v2\/pages\/9"}],"collection":[{"href":"http:\/\/www.orlcurico.cl\/index.php?rest_route=\/wp\/v2\/pages"}],"about":[{"href":"http:\/\/www.orlcurico.cl\/index.php?rest_route=\/wp\/v2\/types\/page"}],"author":[{"embeddable":true,"href":"http:\/\/www.orlcurico.cl\/index.php?rest_route=\/wp\/v2\/users\/1"}],"replies":[{"embeddable":true,"href":"http:\/\/www.orlcurico.cl\/index.php?rest_route=%2Fwp%2Fv2%2Fcomments&post=9"}],"version-history":[{"count":7,"href":"http:\/\/www.orlcurico.cl\/index.php?rest_route=\/wp\/v2\/pages\/9\/revisions"}],"predecessor-version":[{"id":63,"href":"http:\/\/www.orlcurico.cl\/index.php?rest_route=\/wp\/v2\/pages\/9\/revisions\/63"}],"wp:attachment":[{"href":"http:\/\/www.orlcurico.cl\/index.php?rest_route=%2Fwp%2Fv2%2Fmedia&parent=9"}],"curies":[{"name":"wp","href":"https:\/\/api.w.org\/{rel}","templated":true}]}}